{"id":36381,"date":"2024-10-02T20:54:21","date_gmt":"2024-10-02T20:54:21","guid":{"rendered":"https:\/\/devconclusao.lojas-online.pt\/?page_id=36381"},"modified":"2024-10-03T08:14:42","modified_gmt":"2024-10-03T08:14:42","slug":"vale-id","status":"publish","type":"page","link":"https:\/\/conclusao.pt\/portal\/vale-id\/","title":{"rendered":"Vale I&amp;D"},"content":{"rendered":"\t\t<div data-elementor-type=\"wp-page\" data-elementor-id=\"36381\" class=\"elementor elementor-36381\">\n\t\t\t\t\t\t<section class=\"elementor-section elementor-top-section elementor-element elementor-element-4b1e70f elementor-section-boxed elementor-section-height-default elementor-section-height-default\" data-id=\"4b1e70f\" data-element_type=\"section\" data-settings=\"{&quot;background_background&quot;:&quot;classic&quot;}\">\n\t\t\t\t\t\t<div class=\"elementor-container elementor-column-gap-no\">\n\t\t\t\t\t<div class=\"elementor-column elementor-col-100 elementor-top-column elementor-element elementor-element-dab0c1c\" data-id=\"dab0c1c\" data-element_type=\"column\">\n\t\t\t<div class=\"elementor-widget-wrap elementor-element-populated\">\n\t\t\t\t\t\t<div class=\"elementor-element elementor-element-185075a elementor-widget elementor-widget-heading\" data-id=\"185075a\" data-element_type=\"widget\" data-widget_type=\"heading.default\">\n\t\t\t\t<div class=\"elementor-widget-container\">\n\t\t\t\t\t<h2 class=\"elementor-heading-title elementor-size-default\">Vale I&amp;D<\/h2>\t\t\t\t<\/div>\n\t\t\t\t<\/div>\n\t\t\t\t\t<\/div>\n\t\t<\/div>\n\t\t\t\t\t<\/div>\n\t\t<\/section>\n\t\t\t\t<section class=\"elementor-section elementor-top-section elementor-element elementor-element-170f055 elementor-section-boxed elementor-section-height-default elementor-section-height-default\" data-id=\"170f055\" data-element_type=\"section\" data-settings=\"{&quot;background_background&quot;:&quot;classic&quot;}\">\n\t\t\t\t\t\t<div class=\"elementor-container elementor-column-gap-default\">\n\t\t\t\t\t<div class=\"elementor-column elementor-col-100 elementor-top-column elementor-element elementor-element-9de908f\" data-id=\"9de908f\" data-element_type=\"column\">\n\t\t\t<div class=\"elementor-widget-wrap elementor-element-populated\">\n\t\t\t\t\t\t<div class=\"elementor-element elementor-element-dafb10b elementor-widget elementor-widget-image\" data-id=\"dafb10b\" data-element_type=\"widget\" data-widget_type=\"image.default\">\n\t\t\t\t<div class=\"elementor-widget-container\">\n\t\t\t\t\t\t\t\t\t\t\t\t\t\t\t<img decoding=\"async\" src=\"https:\/\/conclusao.pt\/portal\/wp-content\/uploads\/2024\/10\/vale-id.jpg\" title=\"vale-id\" alt=\"vale-id\" loading=\"lazy\" \/>\t\t\t\t\t\t\t\t\t\t\t\t\t\t\t<\/div>\n\t\t\t\t<\/div>\n\t\t\t\t<div class=\"elementor-element elementor-element-a64c323 elementor-widget elementor-widget-image\" data-id=\"a64c323\" data-element_type=\"widget\" data-widget_type=\"image.default\">\n\t\t\t\t<div class=\"elementor-widget-container\">\n\t\t\t\t\t\t\t\t\t\t\t\t\t\t\t<img decoding=\"async\" width=\"300\" height=\"100\" src=\"https:\/\/conclusao.pt\/portal\/wp-content\/uploads\/2024\/10\/portugal2020.png\" class=\"attachment-large size-large wp-image-36428\" alt=\"\" \/>\t\t\t\t\t\t\t\t\t\t\t\t\t\t\t<\/div>\n\t\t\t\t<\/div>\n\t\t\t\t<div class=\"elementor-element elementor-element-3abc119 elementor-widget elementor-widget-heading\" data-id=\"3abc119\" data-element_type=\"widget\" data-widget_type=\"heading.default\">\n\t\t\t\t<div class=\"elementor-widget-container\">\n\t\t\t\t\t<h4 class=\"elementor-heading-title elementor-size-default\">Objetivos<\/h4>\t\t\t\t<\/div>\n\t\t\t\t<\/div>\n\t\t\t\t<div class=\"elementor-element elementor-element-820f3cd elementor-widget elementor-widget-text-editor\" data-id=\"820f3cd\" data-element_type=\"widget\" data-widget_type=\"text-editor.default\">\n\t\t\t\t<div class=\"elementor-widget-container\">\n\t\t\t\t\t\t\t\t\t<p>\u00a0Intensificar o esfor\u00e7o nacional de I&amp;I e a cria\u00e7\u00e3o de novos conhecimentos com vista ao aumento da competitividade das empresas, promovendo a articula\u00e7\u00e3o entre estas e os restantes atores do Sistema de I&amp;I.<\/p>\t\t\t\t\t\t\t\t<\/div>\n\t\t\t\t<\/div>\n\t\t\t\t<div class=\"elementor-element elementor-element-b5224cc elementor-widget elementor-widget-heading\" data-id=\"b5224cc\" data-element_type=\"widget\" data-widget_type=\"heading.default\">\n\t\t\t\t<div class=\"elementor-widget-container\">\n\t\t\t\t\t<h4 class=\"elementor-heading-title elementor-size-default\">Apoio a projetos<\/h4>\t\t\t\t<\/div>\n\t\t\t\t<\/div>\n\t\t\t\t<div class=\"elementor-element elementor-element-de53051 elementor-icon-list--layout-traditional elementor-list-item-link-full_width elementor-widget elementor-widget-icon-list\" data-id=\"de53051\" data-element_type=\"widget\" data-widget_type=\"icon-list.default\">\n\t\t\t\t<div class=\"elementor-widget-container\">\n\t\t\t\t\t\t\t<ul class=\"elementor-icon-list-items\">\n\t\t\t\t\t\t\t<li class=\"elementor-icon-list-item\">\n\t\t\t\t\t\t\t\t\t\t\t<span class=\"elementor-icon-list-icon\">\n\t\t\t\t\t\t\t<i aria-hidden=\"true\" class=\"fas fa-check\"><\/i>\t\t\t\t\t\t<\/span>\n\t\t\t\t\t\t\t\t\t\t<span class=\"elementor-icon-list-text\">Relativos \u00e0 aquisi\u00e7\u00e3o de servi\u00e7os de consultoria em atividades de investiga\u00e7\u00e3o e desenvolvimento tecnol\u00f3gico, bem como de servi\u00e7os de transfer\u00eancia de tecnologia;<\/span>\n\t\t\t\t\t\t\t\t\t<\/li>\n\t\t\t\t\t\t\t\t<li class=\"elementor-icon-list-item\">\n\t\t\t\t\t\t\t\t\t\t\t<span class=\"elementor-icon-list-icon\">\n\t\t\t\t\t\t\t<i aria-hidden=\"true\" class=\"fas fa-check\"><\/i>\t\t\t\t\t\t<\/span>\n\t\t\t\t\t\t\t\t\t\t<span class=\"elementor-icon-list-text\">Individuais que visem o apoio \u00e0 aquisi\u00e7\u00e3o de servi\u00e7os de consultoria em atividades de Investiga\u00e7\u00e3o e Desenvolvimento Tecnol\u00f3gico, bem como de servi\u00e7os de transfer\u00eancia de tecnologia, nos dom\u00ednios priorit\u00e1rios da estrat\u00e9gia de investiga\u00e7\u00e3o e inova\u00e7\u00e3o para uma especializa\u00e7\u00e3o inteligente (RIS3).<\/span>\n\t\t\t\t\t\t\t\t\t<\/li>\n\t\t\t\t\t\t<\/ul>\n\t\t\t\t\t\t<\/div>\n\t\t\t\t<\/div>\n\t\t\t\t<div class=\"elementor-element elementor-element-6cecee1 elementor-widget elementor-widget-heading\" data-id=\"6cecee1\" data-element_type=\"widget\" data-widget_type=\"heading.default\">\n\t\t\t\t<div class=\"elementor-widget-container\">\n\t\t\t\t\t<h4 class=\"elementor-heading-title elementor-size-default\">Benefici\u00e1rios<\/h4>\t\t\t\t<\/div>\n\t\t\t\t<\/div>\n\t\t\t\t<div class=\"elementor-element elementor-element-aa9059e elementor-widget elementor-widget-text-editor\" data-id=\"aa9059e\" data-element_type=\"widget\" data-widget_type=\"text-editor.default\">\n\t\t\t\t<div class=\"elementor-widget-container\">\n\t\t\t\t\t\t\t\t\t<p>Empresas PME de qualquer natureza e sob qualquer forma jur\u00eddica, que cumpram com os crit\u00e9rios de acesso e de elegibilidade a seguir enunciados.<\/p>\t\t\t\t\t\t\t\t<\/div>\n\t\t\t\t<\/div>\n\t\t\t\t<div class=\"elementor-element elementor-element-be15711 elementor-widget elementor-widget-heading\" data-id=\"be15711\" data-element_type=\"widget\" data-widget_type=\"heading.default\">\n\t\t\t\t<div class=\"elementor-widget-container\">\n\t\t\t\t\t<h4 class=\"elementor-heading-title elementor-size-default\">\u00c1rea geogr\u00e1fica de aplica\u00e7\u00e3o<\/h4>\t\t\t\t<\/div>\n\t\t\t\t<\/div>\n\t\t\t\t<div class=\"elementor-element elementor-element-105eb5a elementor-widget elementor-widget-text-editor\" data-id=\"105eb5a\" data-element_type=\"widget\" data-widget_type=\"text-editor.default\">\n\t\t\t\t<div class=\"elementor-widget-container\">\n\t\t\t\t\t\t\t\t\t<p>O Aviso de concurso tem aplica\u00e7\u00e3o em todas as regi\u00f5es NUTS II do Continente (Norte, Centro, Lisboa, Alentejo e Algarve).<br \/>A localiza\u00e7\u00e3o do projeto corresponde \u00e0 regi\u00e3o onde se localiza o estabelecimento do benefici\u00e1rio no qual ir\u00e1 ser realizado o investimento.<\/p>\t\t\t\t\t\t\t\t<\/div>\n\t\t\t\t<\/div>\n\t\t\t\t<div class=\"elementor-element elementor-element-b392cb6 elementor-widget elementor-widget-text-editor\" data-id=\"b392cb6\" data-element_type=\"widget\" data-widget_type=\"text-editor.default\">\n\t\t\t\t<div class=\"elementor-widget-container\">\n\t\t\t\t\t\t\t\t\t<p><strong>Observa\u00e7\u00f5es:<\/strong> Para usufruir dos Incentivos \u00e0s Empresas as empresas devem estar registadas no Balc\u00e3o 2020.<\/p>\t\t\t\t\t\t\t\t<\/div>\n\t\t\t\t<\/div>\n\t\t\t\t\t<\/div>\n\t\t<\/div>\n\t\t\t\t\t<\/div>\n\t\t<\/section>\n\t\t\t\t<section class=\"elementor-section elementor-top-section elementor-element elementor-element-fe582db elementor-section-boxed elementor-section-height-default elementor-section-height-default\" data-id=\"fe582db\" data-element_type=\"section\" data-settings=\"{&quot;background_background&quot;:&quot;classic&quot;}\">\n\t\t\t\t\t\t<div class=\"elementor-container elementor-column-gap-no\">\n\t\t\t\t\t<div class=\"elementor-column elementor-col-100 elementor-top-column elementor-element elementor-element-54b6e1f\" data-id=\"54b6e1f\" data-element_type=\"column\" data-settings=\"{&quot;background_background&quot;:&quot;classic&quot;}\">\n\t\t\t<div class=\"elementor-widget-wrap elementor-element-populated\">\n\t\t\t\t\t\t<div class=\"elementor-element elementor-element-1354f03 elementor-widget elementor-widget-heading\" data-id=\"1354f03\" data-element_type=\"widget\" data-widget_type=\"heading.default\">\n\t\t\t\t<div class=\"elementor-widget-container\">\n\t\t\t\t\t<h4 class=\"elementor-heading-title elementor-size-default\">Mais Informa\u00e7\u00f5es<\/h4>\t\t\t\t<\/div>\n\t\t\t\t<\/div>\n\t\t\t\t<div class=\"elementor-element elementor-element-9a0143f elementor-widget elementor-widget-text-editor\" data-id=\"9a0143f\" data-element_type=\"widget\" data-widget_type=\"text-editor.default\">\n\t\t\t\t<div class=\"elementor-widget-container\">\n\t\t\t\t\t\t\t\t\t<p><strong>N\u00c3O ENCONTRA A SOLU\u00c7\u00c3O PARA A SUA EMPRESA?<\/strong><\/p><p>A Conclus\u00e3o coloca ao dispor dos empres\u00e1rios um vasto leque de op\u00e7\u00f5es no \u00e2mbito da forma\u00e7\u00e3o profissional certificada, tendo em vista responder \u00e0 totalidade das necessidades da empresa no que respeita \u00e0 forma\u00e7\u00e3o dos seus colaboradores e na melhoria da sua competitividade, assim como, apoiamos atrav\u00e9s de consultoria especializada.<\/p>\t\t\t\t\t\t\t\t<\/div>\n\t\t\t\t<\/div>\n\t\t\t\t<div class=\"elementor-element elementor-element-e49bfaa elementor-widget elementor-widget-shortcode\" data-id=\"e49bfaa\" data-element_type=\"widget\" data-widget_type=\"shortcode.default\">\n\t\t\t\t<div class=\"elementor-widget-container\">\n\t\t\t\t\t\t\t<div class=\"elementor-shortcode\">\n<div class=\"wpcf7 no-js\" id=\"wpcf7-f19331-o1\" lang=\"pt-PT\" dir=\"ltr\" data-wpcf7-id=\"19331\">\n<div class=\"screen-reader-response\"><p role=\"status\" aria-live=\"polite\" aria-atomic=\"true\"><\/p> <ul><\/ul><\/div>\n<form action=\"\/portal\/wp-json\/wp\/v2\/pages\/36381#wpcf7-f19331-o1\" method=\"post\" class=\"wpcf7-form init\" aria-label=\"Formul\u00e1rio de contacto\" novalidate=\"novalidate\" data-status=\"init\">\n<fieldset class=\"hidden-fields-container\"><input type=\"hidden\" name=\"_wpcf7\" value=\"19331\" \/><input type=\"hidden\" name=\"_wpcf7_version\" value=\"6.1.4\" \/><input type=\"hidden\" name=\"_wpcf7_locale\" value=\"pt_PT\" \/><input type=\"hidden\" name=\"_wpcf7_unit_tag\" value=\"wpcf7-f19331-o1\" \/><input type=\"hidden\" name=\"_wpcf7_container_post\" value=\"0\" \/><input type=\"hidden\" name=\"_wpcf7_posted_data_hash\" value=\"\" \/><input type=\"hidden\" name=\"_wpcf7_recaptcha_response\" value=\"\" \/>\n<\/fieldset>\n<p>Nome de Contacto\n<\/p>\n<p><span class=\"wpcf7-form-control-wrap\" data-name=\"your-name\"><input size=\"40\" maxlength=\"400\" class=\"wpcf7-form-control wpcf7-text wpcf7-validates-as-required\" aria-required=\"true\" aria-invalid=\"false\" value=\"\" type=\"text\" name=\"your-name\" \/><\/span>\n<\/p>\n<p>Email\n<\/p>\n<p><span class=\"wpcf7-form-control-wrap\" data-name=\"your-email\"><input size=\"40\" maxlength=\"400\" class=\"wpcf7-form-control wpcf7-email wpcf7-validates-as-required wpcf7-text wpcf7-validates-as-email\" aria-required=\"true\" aria-invalid=\"false\" value=\"\" type=\"email\" name=\"your-email\" \/><\/span>\n<\/p>\n<p>Telem\u00f3vel\n<\/p>\n<p><span class=\"wpcf7-form-control-wrap\" data-name=\"telefone\"><input size=\"40\" maxlength=\"400\" class=\"wpcf7-form-control wpcf7-tel wpcf7-text wpcf7-validates-as-tel\" aria-invalid=\"false\" value=\"\" type=\"tel\" name=\"telefone\" \/><\/span>\n<\/p>\n<p>Nome da Empresa\n<\/p>\n<p><span class=\"wpcf7-form-control-wrap\" data-name=\"Empresa\"><input size=\"40\" maxlength=\"400\" class=\"wpcf7-form-control wpcf7-text\" aria-invalid=\"false\" value=\"\" type=\"text\" name=\"Empresa\" \/><\/span>\n<\/p>\n<p>Localidade:\n<\/p>\n<p><span class=\"wpcf7-form-control-wrap\" data-name=\"localidade\"><input size=\"40\" maxlength=\"400\" class=\"wpcf7-form-control wpcf7-text\" aria-invalid=\"false\" value=\"\" type=\"text\" name=\"localidade\" \/><\/span>\n<\/p>\n<p>N\u00famero de trabalhores:\n<\/p>\n<p><span class=\"wpcf7-form-control-wrap\" data-name=\"trabalhadores\"><input size=\"40\" maxlength=\"400\" class=\"wpcf7-form-control wpcf7-text\" aria-invalid=\"false\" value=\"\" type=\"text\" name=\"trabalhadores\" \/><\/span>\n<\/p>\n<p>Descreva aqui a sua quest\u00e3o\n<\/p>\n<p><span class=\"wpcf7-form-control-wrap\" data-name=\"your-message\"><textarea cols=\"40\" rows=\"10\" maxlength=\"2000\" class=\"wpcf7-form-control wpcf7-textarea\" aria-invalid=\"false\" name=\"your-message\"><\/textarea><\/span>\n<\/p>\n<p><span class=\"wpcf7-form-control-wrap\" data-name=\"acceptance-927\"><span class=\"wpcf7-form-control wpcf7-acceptance\"><span class=\"wpcf7-list-item\"><label><input type=\"checkbox\" name=\"acceptance-927\" value=\"1\" aria-invalid=\"false\" \/><span class=\"wpcf7-list-item-label\">Aceito a <a href=\"https:\/\/conclusao.pt\/portal\/politica-de-privacidade\/\"  target=\"_blank\"> Politica de Privacidade<\/a><\/span><\/label><\/span><\/span><\/span>\n<\/p>\n<p><input class=\"wpcf7-form-control wpcf7-submit has-spinner\" type=\"submit\" value=\"Enviar\" \/>\n<\/p><div class=\"wpcf7-response-output\" aria-hidden=\"true\"><\/div>\n<\/form>\n<\/div>\n<\/div>\n\t\t\t\t\t\t<\/div>\n\t\t\t\t<\/div>\n\t\t\t\t\t<\/div>\n\t\t<\/div>\n\t\t\t\t\t<\/div>\n\t\t<\/section>\n\t\t\t\t<\/div>\n\t\t","protected":false},"excerpt":{"rendered":"<p>Vale I&amp;D Objetivos \u00a0Intensificar o esfor\u00e7o nacional de I&amp;I e a cria\u00e7\u00e3o de novos conhecimentos com vista ao aumento da competitividade das empresas, promovendo a articula\u00e7\u00e3o entre estas e os restantes atores do Sistema de I&amp;I. Apoio a projetos Relativos \u00e0 aquisi\u00e7\u00e3o de servi\u00e7os de consultoria em atividades de investiga\u00e7\u00e3o e desenvolvimento tecnol\u00f3gico, bem como &hellip;<\/p>\n<p class=\"read-more\"> <a class=\"\" href=\"https:\/\/conclusao.pt\/portal\/vale-id\/\"> <span class=\"screen-reader-text\">Vale I&amp;D<\/span> Read More &raquo;<\/a><\/p>\n","protected":false},"author":1,"featured_media":0,"parent":0,"menu_order":0,"comment_status":"closed","ping_status":"closed","template":"","meta":{"om_disable_all_campaigns":false,"_uag_custom_page_level_css":"","sfsi_plus_gutenberg_text_before_share":"","sfsi_plus_gutenberg_show_text_before_share":"","sfsi_plus_gutenberg_icon_type":"","sfsi_plus_gutenberg_icon_alignemt":"","sfsi_plus_gutenburg_max_per_row":"","site-sidebar-layout":"no-sidebar","site-content-layout":"page-builder","ast-global-header-display":"","ast-banner-title-visibility":"","ast-main-header-display":"","ast-hfb-above-header-display":"","ast-hfb-below-header-display":"","ast-hfb-mobile-header-display":"","site-post-title":"disabled","ast-breadcrumbs-content":"","ast-featured-img":"disabled","footer-sml-layout":"","theme-transparent-header-meta":"","adv-header-id-meta":"","stick-header-meta":"","header-above-stick-meta":"","header-main-stick-meta":"","header-below-stick-meta":"","_joinchat":[],"footnotes":""},"class_list":["post-36381","page","type-page","status-publish","hentry"],"yoast_head":"<!-- This site is optimized with the Yoast SEO plugin v26.5 - https:\/\/yoast.com\/wordpress\/plugins\/seo\/ -->\n<title>Vale I&amp;D - Conclus\u00e3o - Estudos e Forma\u00e7\u00e3o<\/title>\n<meta name=\"robots\" content=\"index, follow, max-snippet:-1, max-image-preview:large, max-video-preview:-1\" \/>\n<link rel=\"canonical\" href=\"https:\/\/conclusao.pt\/portal\/vale-id\/\" \/>\n<meta property=\"og:locale\" content=\"pt_PT\" \/>\n<meta property=\"og:type\" content=\"article\" \/>\n<meta property=\"og:title\" content=\"Vale I&amp;D - Conclus\u00e3o - Estudos e Forma\u00e7\u00e3o\" \/>\n<meta property=\"og:description\" content=\"Vale I&amp;D Objetivos \u00a0Intensificar o esfor\u00e7o nacional de I&amp;I e a cria\u00e7\u00e3o de novos conhecimentos com vista ao aumento da competitividade das empresas, promovendo a articula\u00e7\u00e3o entre estas e os restantes atores do Sistema de I&amp;I. Apoio a projetos Relativos \u00e0 aquisi\u00e7\u00e3o de servi\u00e7os de consultoria em atividades de investiga\u00e7\u00e3o e desenvolvimento tecnol\u00f3gico, bem como &hellip; Vale I&amp;D Read More &raquo;\" \/>\n<meta property=\"og:url\" content=\"https:\/\/conclusao.pt\/portal\/vale-id\/\" \/>\n<meta property=\"og:site_name\" content=\"Conclus\u00e3o - Estudos e Forma\u00e7\u00e3o\" \/>\n<meta property=\"article:publisher\" content=\"https:\/\/www.facebook.com\/conclusaoformacao\/\" \/>\n<meta property=\"article:modified_time\" content=\"2024-10-03T08:14:42+00:00\" \/>\n<meta property=\"og:image\" content=\"https:\/\/devconclusao.lojas-online.pt\/wp-content\/uploads\/2024\/10\/vale-id.jpg\" \/>\n<meta name=\"twitter:card\" content=\"summary_large_image\" \/>\n<meta name=\"twitter:label1\" content=\"Tempo estimado de leitura\" \/>\n\t<meta name=\"twitter:data1\" content=\"1 minuto\" \/>\n<script type=\"application\/ld+json\" class=\"yoast-schema-graph\">{\"@context\":\"https:\/\/schema.org\",\"@graph\":[{\"@type\":\"WebPage\",\"@id\":\"https:\/\/conclusao.pt\/portal\/vale-id\/\",\"url\":\"https:\/\/conclusao.pt\/portal\/vale-id\/\",\"name\":\"Vale I&amp;D - Conclus\u00e3o - Estudos e Forma\u00e7\u00e3o\",\"isPartOf\":{\"@id\":\"https:\/\/conclusao.pt\/portal\/#website\"},\"primaryImageOfPage\":{\"@id\":\"https:\/\/conclusao.pt\/portal\/vale-id\/#primaryimage\"},\"image\":{\"@id\":\"https:\/\/conclusao.pt\/portal\/vale-id\/#primaryimage\"},\"thumbnailUrl\":\"https:\/\/devconclusao.lojas-online.pt\/wp-content\/uploads\/2024\/10\/vale-id.jpg\",\"datePublished\":\"2024-10-02T20:54:21+00:00\",\"dateModified\":\"2024-10-03T08:14:42+00:00\",\"breadcrumb\":{\"@id\":\"https:\/\/conclusao.pt\/portal\/vale-id\/#breadcrumb\"},\"inLanguage\":\"pt-PT\",\"potentialAction\":[{\"@type\":\"ReadAction\",\"target\":[\"https:\/\/conclusao.pt\/portal\/vale-id\/\"]}]},{\"@type\":\"ImageObject\",\"inLanguage\":\"pt-PT\",\"@id\":\"https:\/\/conclusao.pt\/portal\/vale-id\/#primaryimage\",\"url\":\"https:\/\/devconclusao.lojas-online.pt\/wp-content\/uploads\/2024\/10\/vale-id.jpg\",\"contentUrl\":\"https:\/\/devconclusao.lojas-online.pt\/wp-content\/uploads\/2024\/10\/vale-id.jpg\"},{\"@type\":\"BreadcrumbList\",\"@id\":\"https:\/\/conclusao.pt\/portal\/vale-id\/#breadcrumb\",\"itemListElement\":[{\"@type\":\"ListItem\",\"position\":1,\"name\":\"In\u00edcio\",\"item\":\"https:\/\/conclusao.pt\/portal\/\"},{\"@type\":\"ListItem\",\"position\":2,\"name\":\"Vale I&amp;D\"}]},{\"@type\":\"WebSite\",\"@id\":\"https:\/\/conclusao.pt\/portal\/#website\",\"url\":\"https:\/\/conclusao.pt\/portal\/\",\"name\":\"Conclus\u00e3o - Estudos e Forma\u00e7\u00e3o\",\"description\":\"A Conclus\u00e3o \u2013 Estudos e Forma\u00e7\u00e3o, Lda \u00e9 uma empresa que iniciou a sua atividade em 1987, tendo ao longo dos anos especializado na promo\u00e7\u00e3o de cursos de forma\u00e7\u00e3o profissional, na elabora\u00e7\u00e3o estudos e projetos e no desenvolvimento de atividades de consultoria empresarial.\",\"publisher\":{\"@id\":\"https:\/\/conclusao.pt\/portal\/#organization\"},\"potentialAction\":[{\"@type\":\"SearchAction\",\"target\":{\"@type\":\"EntryPoint\",\"urlTemplate\":\"https:\/\/conclusao.pt\/portal\/?s={search_term_string}\"},\"query-input\":{\"@type\":\"PropertyValueSpecification\",\"valueRequired\":true,\"valueName\":\"search_term_string\"}}],\"inLanguage\":\"pt-PT\"},{\"@type\":\"Organization\",\"@id\":\"https:\/\/conclusao.pt\/portal\/#organization\",\"name\":\"Conclus\u00e3o - Estudos e Forma\u00e7\u00e3o\",\"url\":\"https:\/\/conclusao.pt\/portal\/\",\"logo\":{\"@type\":\"ImageObject\",\"inLanguage\":\"pt-PT\",\"@id\":\"https:\/\/conclusao.pt\/portal\/#\/schema\/logo\/image\/\",\"url\":\"https:\/\/conclusao.pt\/portal\/wp-content\/uploads\/2023\/09\/cropped-logotipo.png\",\"contentUrl\":\"https:\/\/conclusao.pt\/portal\/wp-content\/uploads\/2023\/09\/cropped-logotipo.png\",\"width\":200,\"height\":65,\"caption\":\"Conclus\u00e3o - Estudos e Forma\u00e7\u00e3o\"},\"image\":{\"@id\":\"https:\/\/conclusao.pt\/portal\/#\/schema\/logo\/image\/\"},\"sameAs\":[\"https:\/\/www.facebook.com\/conclusaoformacao\/\",\"https:\/\/www.instagram.com\/conclusaolda\/\",\"https:\/\/www.linkedin.com\/company\/conclusao\/\"]}]}<\/script>\n<!-- \/ Yoast SEO plugin. -->","yoast_head_json":{"title":"Vale I&amp;D - Conclus\u00e3o - Estudos e Forma\u00e7\u00e3o","robots":{"index":"index","follow":"follow","max-snippet":"max-snippet:-1","max-image-preview":"max-image-preview:large","max-video-preview":"max-video-preview:-1"},"canonical":"https:\/\/conclusao.pt\/portal\/vale-id\/","og_locale":"pt_PT","og_type":"article","og_title":"Vale I&amp;D - Conclus\u00e3o - Estudos e Forma\u00e7\u00e3o","og_description":"Vale I&amp;D Objetivos \u00a0Intensificar o esfor\u00e7o nacional de I&amp;I e a cria\u00e7\u00e3o de novos conhecimentos com vista ao aumento da competitividade das empresas, promovendo a articula\u00e7\u00e3o entre estas e os restantes atores do Sistema de I&amp;I. Apoio a projetos Relativos \u00e0 aquisi\u00e7\u00e3o de servi\u00e7os de consultoria em atividades de investiga\u00e7\u00e3o e desenvolvimento tecnol\u00f3gico, bem como &hellip; Vale I&amp;D Read More &raquo;","og_url":"https:\/\/conclusao.pt\/portal\/vale-id\/","og_site_name":"Conclus\u00e3o - Estudos e Forma\u00e7\u00e3o","article_publisher":"https:\/\/www.facebook.com\/conclusaoformacao\/","article_modified_time":"2024-10-03T08:14:42+00:00","og_image":[{"url":"https:\/\/devconclusao.lojas-online.pt\/wp-content\/uploads\/2024\/10\/vale-id.jpg","type":"","width":"","height":""}],"twitter_card":"summary_large_image","twitter_misc":{"Tempo estimado de leitura":"1 minuto"},"schema":{"@context":"https:\/\/schema.org","@graph":[{"@type":"WebPage","@id":"https:\/\/conclusao.pt\/portal\/vale-id\/","url":"https:\/\/conclusao.pt\/portal\/vale-id\/","name":"Vale I&amp;D - Conclus\u00e3o - Estudos e Forma\u00e7\u00e3o","isPartOf":{"@id":"https:\/\/conclusao.pt\/portal\/#website"},"primaryImageOfPage":{"@id":"https:\/\/conclusao.pt\/portal\/vale-id\/#primaryimage"},"image":{"@id":"https:\/\/conclusao.pt\/portal\/vale-id\/#primaryimage"},"thumbnailUrl":"https:\/\/devconclusao.lojas-online.pt\/wp-content\/uploads\/2024\/10\/vale-id.jpg","datePublished":"2024-10-02T20:54:21+00:00","dateModified":"2024-10-03T08:14:42+00:00","breadcrumb":{"@id":"https:\/\/conclusao.pt\/portal\/vale-id\/#breadcrumb"},"inLanguage":"pt-PT","potentialAction":[{"@type":"ReadAction","target":["https:\/\/conclusao.pt\/portal\/vale-id\/"]}]},{"@type":"ImageObject","inLanguage":"pt-PT","@id":"https:\/\/conclusao.pt\/portal\/vale-id\/#primaryimage","url":"https:\/\/devconclusao.lojas-online.pt\/wp-content\/uploads\/2024\/10\/vale-id.jpg","contentUrl":"https:\/\/devconclusao.lojas-online.pt\/wp-content\/uploads\/2024\/10\/vale-id.jpg"},{"@type":"BreadcrumbList","@id":"https:\/\/conclusao.pt\/portal\/vale-id\/#breadcrumb","itemListElement":[{"@type":"ListItem","position":1,"name":"In\u00edcio","item":"https:\/\/conclusao.pt\/portal\/"},{"@type":"ListItem","position":2,"name":"Vale I&amp;D"}]},{"@type":"WebSite","@id":"https:\/\/conclusao.pt\/portal\/#website","url":"https:\/\/conclusao.pt\/portal\/","name":"Conclus\u00e3o - Estudos e Forma\u00e7\u00e3o","description":"A Conclus\u00e3o \u2013 Estudos e Forma\u00e7\u00e3o, Lda \u00e9 uma empresa que iniciou a sua atividade em 1987, tendo ao longo dos anos especializado na promo\u00e7\u00e3o de cursos de forma\u00e7\u00e3o profissional, na elabora\u00e7\u00e3o estudos e projetos e no desenvolvimento de atividades de consultoria empresarial.","publisher":{"@id":"https:\/\/conclusao.pt\/portal\/#organization"},"potentialAction":[{"@type":"SearchAction","target":{"@type":"EntryPoint","urlTemplate":"https:\/\/conclusao.pt\/portal\/?s={search_term_string}"},"query-input":{"@type":"PropertyValueSpecification","valueRequired":true,"valueName":"search_term_string"}}],"inLanguage":"pt-PT"},{"@type":"Organization","@id":"https:\/\/conclusao.pt\/portal\/#organization","name":"Conclus\u00e3o - Estudos e Forma\u00e7\u00e3o","url":"https:\/\/conclusao.pt\/portal\/","logo":{"@type":"ImageObject","inLanguage":"pt-PT","@id":"https:\/\/conclusao.pt\/portal\/#\/schema\/logo\/image\/","url":"https:\/\/conclusao.pt\/portal\/wp-content\/uploads\/2023\/09\/cropped-logotipo.png","contentUrl":"https:\/\/conclusao.pt\/portal\/wp-content\/uploads\/2023\/09\/cropped-logotipo.png","width":200,"height":65,"caption":"Conclus\u00e3o - Estudos e Forma\u00e7\u00e3o"},"image":{"@id":"https:\/\/conclusao.pt\/portal\/#\/schema\/logo\/image\/"},"sameAs":["https:\/\/www.facebook.com\/conclusaoformacao\/","https:\/\/www.instagram.com\/conclusaolda\/","https:\/\/www.linkedin.com\/company\/conclusao\/"]}]}},"uagb_featured_image_src":{"full":false,"thumbnail":false,"medium":false,"medium_large":false,"large":false,"1536x1536":false,"2048x2048":false,"woocommerce_thumbnail":false,"woocommerce_single":false,"woocommerce_gallery_thumbnail":false},"uagb_author_info":{"display_name":"Karma Design","author_link":"https:\/\/conclusao.pt\/portal\/author\/karma-design\/"},"uagb_comment_info":0,"uagb_excerpt":"Vale I&amp;D Objetivos \u00a0Intensificar o esfor\u00e7o nacional de I&amp;I e a cria\u00e7\u00e3o de novos conhecimentos com vista ao aumento da competitividade das empresas, promovendo a articula\u00e7\u00e3o entre estas e os restantes atores do Sistema de I&amp;I. Apoio a projetos Relativos \u00e0 aquisi\u00e7\u00e3o de servi\u00e7os de consultoria em atividades de investiga\u00e7\u00e3o e desenvolvimento tecnol\u00f3gico, bem como&hellip;","_links":{"self":[{"href":"https:\/\/conclusao.pt\/portal\/wp-json\/wp\/v2\/pages\/36381","targetHints":{"allow":["GET"]}}],"collection":[{"href":"https:\/\/conclusao.pt\/portal\/wp-json\/wp\/v2\/pages"}],"about":[{"href":"https:\/\/conclusao.pt\/portal\/wp-json\/wp\/v2\/types\/page"}],"author":[{"embeddable":true,"href":"https:\/\/conclusao.pt\/portal\/wp-json\/wp\/v2\/users\/1"}],"replies":[{"embeddable":true,"href":"https:\/\/conclusao.pt\/portal\/wp-json\/wp\/v2\/comments?post=36381"}],"version-history":[{"count":13,"href":"https:\/\/conclusao.pt\/portal\/wp-json\/wp\/v2\/pages\/36381\/revisions"}],"predecessor-version":[{"id":36458,"href":"https:\/\/conclusao.pt\/portal\/wp-json\/wp\/v2\/pages\/36381\/revisions\/36458"}],"wp:attachment":[{"href":"https:\/\/conclusao.pt\/portal\/wp-json\/wp\/v2\/media?parent=36381"}],"curies":[{"name":"wp","href":"https:\/\/api.w.org\/{rel}","templated":true}]}}