{"id":2898,"date":"2022-11-01T22:44:10","date_gmt":"2022-11-01T22:44:10","guid":{"rendered":"https:\/\/edkid.lojas-online.pt\/?page_id=2898"},"modified":"2025-07-17T16:47:16","modified_gmt":"2025-07-17T16:47:16","slug":"cursos-efa","status":"publish","type":"page","link":"https:\/\/conclusao.pt\/portal\/cursos-efa\/","title":{"rendered":"Cursos EFA"},"content":{"rendered":"\t\t<div data-elementor-type=\"wp-page\" data-elementor-id=\"2898\" class=\"elementor elementor-2898\">\n\t\t\t\t\t\t<section class=\"elementor-section elementor-top-section elementor-element elementor-element-5094b33 elementor-section-boxed elementor-section-height-default elementor-section-height-default\" data-id=\"5094b33\" data-element_type=\"section\" data-settings=\"{&quot;background_background&quot;:&quot;classic&quot;}\">\n\t\t\t\t\t\t<div class=\"elementor-container elementor-column-gap-no\">\n\t\t\t\t\t<div class=\"elementor-column elementor-col-100 elementor-top-column elementor-element elementor-element-c8889dd\" data-id=\"c8889dd\" data-element_type=\"column\">\n\t\t\t<div class=\"elementor-widget-wrap elementor-element-populated\">\n\t\t\t\t\t\t<div class=\"elementor-element elementor-element-76f8dd8 elementor-widget elementor-widget-heading\" data-id=\"76f8dd8\" data-element_type=\"widget\" data-widget_type=\"heading.default\">\n\t\t\t\t<div class=\"elementor-widget-container\">\n\t\t\t\t\t<h2 class=\"elementor-heading-title elementor-size-default\">Cursos EFA<\/h2>\t\t\t\t<\/div>\n\t\t\t\t<\/div>\n\t\t\t\t\t<\/div>\n\t\t<\/div>\n\t\t\t\t\t<\/div>\n\t\t<\/section>\n\t\t\t\t<section class=\"elementor-section elementor-top-section elementor-element elementor-element-21233c5 elementor-section-boxed elementor-section-height-default elementor-section-height-default\" data-id=\"21233c5\" data-element_type=\"section\" data-settings=\"{&quot;background_background&quot;:&quot;classic&quot;}\">\n\t\t\t\t\t\t<div class=\"elementor-container elementor-column-gap-default\">\n\t\t\t\t\t<div class=\"elementor-column elementor-col-100 elementor-top-column elementor-element elementor-element-423601e\" data-id=\"423601e\" data-element_type=\"column\" data-settings=\"{&quot;background_background&quot;:&quot;classic&quot;}\">\n\t\t\t<div class=\"elementor-widget-wrap elementor-element-populated\">\n\t\t\t\t\t\t<div class=\"elementor-element elementor-element-6c23fc2 elementor-widget elementor-widget-heading\" data-id=\"6c23fc2\" data-element_type=\"widget\" data-widget_type=\"heading.default\">\n\t\t\t\t<div class=\"elementor-widget-container\">\n\t\t\t\t\t<h3 class=\"elementor-heading-title elementor-size-default\"><h3 style=\"text-align: left\"><img fetchpriority=\"high\" decoding=\"async\" class=\"aligncenter wp-image-49831 size-full\" src=\"https:\/\/conclusao.pt\/portal\/wp-content\/uploads\/2025\/07\/EFA-GERAL-banner-03.jpg\" alt=\"\" width=\"2456\" height=\"853\" srcset=\"https:\/\/conclusao.pt\/portal\/wp-content\/uploads\/2025\/07\/EFA-GERAL-banner-03.jpg 2456w, https:\/\/conclusao.pt\/portal\/wp-content\/uploads\/2025\/07\/EFA-GERAL-banner-03-300x104.jpg 300w, https:\/\/conclusao.pt\/portal\/wp-content\/uploads\/2025\/07\/EFA-GERAL-banner-03-1024x356.jpg 1024w, https:\/\/conclusao.pt\/portal\/wp-content\/uploads\/2025\/07\/EFA-GERAL-banner-03-768x267.jpg 768w, https:\/\/conclusao.pt\/portal\/wp-content\/uploads\/2025\/07\/EFA-GERAL-banner-03-1536x533.jpg 1536w, https:\/\/conclusao.pt\/portal\/wp-content\/uploads\/2025\/07\/EFA-GERAL-banner-03-2048x711.jpg 2048w, https:\/\/conclusao.pt\/portal\/wp-content\/uploads\/2025\/07\/EFA-GERAL-banner-03-600x208.jpg 600w\" sizes=\"(max-width: 2456px) 100vw, 2456px\" \/><\/h3><\/h3>\t\t\t\t<\/div>\n\t\t\t\t<\/div>\n\t\t\t\t<div class=\"elementor-element elementor-element-36fc37b elementor-widget elementor-widget-text-editor\" data-id=\"36fc37b\" data-element_type=\"widget\" data-widget_type=\"text-editor.default\">\n\t\t\t\t<div class=\"elementor-widget-container\">\n\t\t\t\t\t\t\t\t\t<h4 style=\"text-align: left;\">O que s\u00e3o cursos EFA<\/h4><p style=\"text-align: left;\">Os Cursos de Educa\u00e7\u00e3o e Forma\u00e7\u00e3o de Adultos (EFA) s\u00e3o uma oferta de educa\u00e7\u00e3o e forma\u00e7\u00e3o para adultos que pretendam elevar as suas qualifica\u00e7\u00f5es. Estes cursos desenvolvem-se segundo percursos de <strong>dupla certifica\u00e7\u00e3o<\/strong> e, sempre que tal se revele adequado ao perfil e hist\u00f3ria de vida dos adultos, apenas de habilita\u00e7\u00e3o escolar.<\/p>\n<p style=\"text-align: left;\">Os adultos j\u00e1 detentores do 3\u00ba ciclo do ensino b\u00e1sico ou do n\u00edvel secund\u00e1rio de educa\u00e7\u00e3o que pretendam obter uma dupla certifica\u00e7\u00e3o podem, a t\u00edtulo excepcional, desenvolver apenas a componente de forma\u00e7\u00e3o tecnol\u00f3gica do Curso EFA correspondente.<\/p>\n<h4 style=\"text-align: left;\">Objetivos<\/h4>\n<p style=\"text-align: left;\">Os Cursos de Educa\u00e7\u00e3o e Forma\u00e7\u00e3o para adultos visam elevar os n\u00edveis de habilita\u00e7\u00e3o escolar e profissional da popula\u00e7\u00e3o portuguesa adulta, atrav\u00e9s de uma oferta integrada de educa\u00e7\u00e3o e forma\u00e7\u00e3o que potencie as suas condi\u00e7\u00f5es de empregabilidade e certifique as compet\u00eancias adquiridas ao longo da vida.<\/p>\n<h4 style=\"text-align: left;\">Destinat\u00e1rios<\/h4>\n<p style=\"text-align: left;\">Candidatos com idade igual ou superior a 18 anos (no caso dos Cursos EFA de n\u00edvel b\u00e1sico) e 21 anos (no caso dos Cursos EFA de n\u00edvel secund\u00e1rio) \u00e0 data de in\u00edcio da forma\u00e7\u00e3o, sem a qualifica\u00e7\u00e3o adequada para efeitos de inser\u00e7\u00e3o ou progress\u00e3o no mercado de trabalho ou sem a conclus\u00e3o do ensino b\u00e1sico ou do ensino secund\u00e1rio.<\/p>\n<h4 style=\"text-align: left;\">Certifica\u00e7\u00e3o Escolar e Profissional<\/h4>\n<p style=\"text-align: left;\">A frequ\u00eancia, com aproveitamento, de um Curso EFA pode conferir uma dupla certifica\u00e7\u00e3o (escolar e profissional), uma certifica\u00e7\u00e3o apenas escolar ou apenas profissional.<br>Caso conclua, com aproveitamento, um Curso EFA correspondente a um qualquer percurso formativo obter\u00e1 um Certificado de Qualifica\u00e7\u00f5es.<br>Caso conclua, com aproveitamento, um Curso EFA de dupla certifica\u00e7\u00e3o, um Curso EFA de habilita\u00e7\u00e3o escolar (3\u00ba ciclo do ensino b\u00e1sico ou ensino secund\u00e1rio) ou quando, a t\u00edtulo excepcional, concluir apenas a componente de forma\u00e7\u00e3o tecnol\u00f3gica (por j\u00e1 ser detentor de habilita\u00e7\u00e3o escolar) ter\u00e1 direito \u00e0 emiss\u00e3o de um Diploma.<br>No caso de n\u00e3o concluir um Curso EFA, ver\u00e1 registadas as Unidades de Compet\u00eancia (componente de forma\u00e7\u00e3o de base dos cursos de ensino b\u00e1sico) e as Unidades de de Forma\u00e7\u00e3o de Curta Dura\u00e7\u00e3o numa Caderneta Individual de Compet\u00eancias e obter\u00e1 um Certificado de Qualifica\u00e7\u00f5es discriminando as Unidades efectuadas.<\/p>\n<h4 style=\"text-align: left;\">Subs\u00eddios e Apoios at\u00e9 650\u20ac\/M\u00eas<\/h4>\n<p style=\"text-align: left;\">&#8211; Bolsa de Forma\u00e7\u00e3o<br>&#8211; Subs\u00eddio de alimenta\u00e7\u00e3o<br>&#8211; No caso de n\u00e3o concluir um Curso EFA, ver\u00e1 registadas as Unidades de Compet\u00eancia (componente de forma\u00e7\u00e3o de base dos cursos de ensino b\u00e1sico) e as Unidades de Forma\u00e7\u00e3o de Curta Dura\u00e7\u00e3o numa Caderneta Individual de Compet\u00eancias e obter\u00e1 um Certificado de Qualifica\u00e7\u00f5es Despesa\/subs\u00eddio de transporte<br>&#8211; Subs\u00eddio de acolhimento<br>&#8211; Seguro<\/p>\t\t\t\t\t\t\t\t<\/div>\n\t\t\t\t<\/div>\n\t\t\t\t<div class=\"elementor-element elementor-element-fc1ffe4 elementor-widget elementor-widget-heading\" data-id=\"fc1ffe4\" data-element_type=\"widget\" data-widget_type=\"heading.default\">\n\t\t\t\t<div class=\"elementor-widget-container\">\n\t\t\t\t\t<h4 class=\"elementor-heading-title elementor-size-default\"><h4 style=\"text-align: center\"><a href=\"https:\/\/forms.gle\/kYtxa1iShLBbtqBT9\" target=\"_blank\" rel=\"noopener\">Formul\u00e1rio de Inscri\u00e7\u00e3o<\/a><\/h4><\/h4>\t\t\t\t<\/div>\n\t\t\t\t<\/div>\n\t\t\t\t\t<\/div>\n\t\t<\/div>\n\t\t\t\t\t<\/div>\n\t\t<\/section>\n\t\t\t\t<\/div>\n\t\t","protected":false},"excerpt":{"rendered":"<p>Cursos EFA O que s\u00e3o cursos EFA Os Cursos de Educa\u00e7\u00e3o e Forma\u00e7\u00e3o de Adultos (EFA) s\u00e3o uma oferta de educa\u00e7\u00e3o e forma\u00e7\u00e3o para adultos que pretendam elevar as suas qualifica\u00e7\u00f5es. Estes cursos desenvolvem-se segundo percursos de dupla certifica\u00e7\u00e3o e, sempre que tal se revele adequado ao perfil e hist\u00f3ria de vida dos adultos, apenas &hellip;<\/p>\n<p class=\"read-more\"> <a class=\"\" href=\"https:\/\/conclusao.pt\/portal\/cursos-efa\/\"> <span class=\"screen-reader-text\">Cursos EFA<\/span> Read More &raquo;<\/a><\/p>\n","protected":false},"author":1,"featured_media":49831,"parent":0,"menu_order":0,"comment_status":"closed","ping_status":"closed","template":"","meta":{"om_disable_all_campaigns":false,"_uag_custom_page_level_css":"","sfsi_plus_gutenberg_text_before_share":"","sfsi_plus_gutenberg_show_text_before_share":"","sfsi_plus_gutenberg_icon_type":"","sfsi_plus_gutenberg_icon_alignemt":"","sfsi_plus_gutenburg_max_per_row":"","site-sidebar-layout":"no-sidebar","site-content-layout":"page-builder","ast-global-header-display":"","ast-banner-title-visibility":"","ast-main-header-display":"","ast-hfb-above-header-display":"","ast-hfb-below-header-display":"","ast-hfb-mobile-header-display":"","site-post-title":"disabled","ast-breadcrumbs-content":"","ast-featured-img":"disabled","footer-sml-layout":"","theme-transparent-header-meta":"","adv-header-id-meta":"","stick-header-meta":"","header-above-stick-meta":"","header-main-stick-meta":"","header-below-stick-meta":"","_joinchat":[],"footnotes":""},"class_list":["post-2898","page","type-page","status-publish","has-post-thumbnail","hentry"],"yoast_head":"<!-- This site is optimized with the Yoast SEO plugin v26.5 - https:\/\/yoast.com\/wordpress\/plugins\/seo\/ -->\n<title>Cursos EFA - Conclus\u00e3o - Estudos e Forma\u00e7\u00e3o<\/title>\n<meta name=\"robots\" content=\"index, follow, max-snippet:-1, max-image-preview:large, max-video-preview:-1\" \/>\n<link rel=\"canonical\" href=\"https:\/\/conclusao.pt\/portal\/cursos-efa\/\" \/>\n<meta property=\"og:locale\" content=\"pt_PT\" \/>\n<meta property=\"og:type\" content=\"article\" \/>\n<meta property=\"og:title\" content=\"Cursos EFA - Conclus\u00e3o - Estudos e Forma\u00e7\u00e3o\" \/>\n<meta property=\"og:description\" content=\"Cursos EFA O que s\u00e3o cursos EFA Os Cursos de Educa\u00e7\u00e3o e Forma\u00e7\u00e3o de Adultos (EFA) s\u00e3o uma oferta de educa\u00e7\u00e3o e forma\u00e7\u00e3o para adultos que pretendam elevar as suas qualifica\u00e7\u00f5es. Estes cursos desenvolvem-se segundo percursos de dupla certifica\u00e7\u00e3o e, sempre que tal se revele adequado ao perfil e hist\u00f3ria de vida dos adultos, apenas &hellip; Cursos EFA Read More &raquo;\" \/>\n<meta property=\"og:url\" content=\"https:\/\/conclusao.pt\/portal\/cursos-efa\/\" \/>\n<meta property=\"og:site_name\" content=\"Conclus\u00e3o - Estudos e Forma\u00e7\u00e3o\" \/>\n<meta property=\"article:publisher\" content=\"https:\/\/www.facebook.com\/conclusaoformacao\/\" \/>\n<meta property=\"article:modified_time\" content=\"2025-07-17T16:47:16+00:00\" \/>\n<meta property=\"og:image\" content=\"https:\/\/conclusao.pt\/portal\/wp-content\/uploads\/2025\/07\/EFA-GERAL-banner-03.jpg\" \/>\n\t<meta property=\"og:image:width\" content=\"2456\" \/>\n\t<meta property=\"og:image:height\" content=\"853\" \/>\n\t<meta property=\"og:image:type\" content=\"image\/jpeg\" \/>\n<meta name=\"twitter:card\" content=\"summary_large_image\" \/>\n<meta name=\"twitter:label1\" content=\"Tempo estimado de leitura\" \/>\n\t<meta name=\"twitter:data1\" content=\"3 minutos\" \/>\n<script type=\"application\/ld+json\" class=\"yoast-schema-graph\">{\"@context\":\"https:\/\/schema.org\",\"@graph\":[{\"@type\":\"WebPage\",\"@id\":\"https:\/\/conclusao.pt\/portal\/cursos-efa\/\",\"url\":\"https:\/\/conclusao.pt\/portal\/cursos-efa\/\",\"name\":\"Cursos EFA - Conclus\u00e3o - Estudos e Forma\u00e7\u00e3o\",\"isPartOf\":{\"@id\":\"https:\/\/conclusao.pt\/portal\/#website\"},\"primaryImageOfPage\":{\"@id\":\"https:\/\/conclusao.pt\/portal\/cursos-efa\/#primaryimage\"},\"image\":{\"@id\":\"https:\/\/conclusao.pt\/portal\/cursos-efa\/#primaryimage\"},\"thumbnailUrl\":\"https:\/\/conclusao.pt\/portal\/wp-content\/uploads\/2025\/07\/EFA-GERAL-banner-03.jpg\",\"datePublished\":\"2022-11-01T22:44:10+00:00\",\"dateModified\":\"2025-07-17T16:47:16+00:00\",\"breadcrumb\":{\"@id\":\"https:\/\/conclusao.pt\/portal\/cursos-efa\/#breadcrumb\"},\"inLanguage\":\"pt-PT\",\"potentialAction\":[{\"@type\":\"ReadAction\",\"target\":[\"https:\/\/conclusao.pt\/portal\/cursos-efa\/\"]}]},{\"@type\":\"ImageObject\",\"inLanguage\":\"pt-PT\",\"@id\":\"https:\/\/conclusao.pt\/portal\/cursos-efa\/#primaryimage\",\"url\":\"https:\/\/conclusao.pt\/portal\/wp-content\/uploads\/2025\/07\/EFA-GERAL-banner-03.jpg\",\"contentUrl\":\"https:\/\/conclusao.pt\/portal\/wp-content\/uploads\/2025\/07\/EFA-GERAL-banner-03.jpg\",\"width\":2456,\"height\":853},{\"@type\":\"BreadcrumbList\",\"@id\":\"https:\/\/conclusao.pt\/portal\/cursos-efa\/#breadcrumb\",\"itemListElement\":[{\"@type\":\"ListItem\",\"position\":1,\"name\":\"In\u00edcio\",\"item\":\"https:\/\/conclusao.pt\/portal\/\"},{\"@type\":\"ListItem\",\"position\":2,\"name\":\"Cursos EFA\"}]},{\"@type\":\"WebSite\",\"@id\":\"https:\/\/conclusao.pt\/portal\/#website\",\"url\":\"https:\/\/conclusao.pt\/portal\/\",\"name\":\"Conclus\u00e3o - Estudos e Forma\u00e7\u00e3o\",\"description\":\"A Conclus\u00e3o \u2013 Estudos e Forma\u00e7\u00e3o, Lda \u00e9 uma empresa que iniciou a sua atividade em 1987, tendo ao longo dos anos especializado na promo\u00e7\u00e3o de cursos de forma\u00e7\u00e3o profissional, na elabora\u00e7\u00e3o estudos e projetos e no desenvolvimento de atividades de consultoria empresarial.\",\"publisher\":{\"@id\":\"https:\/\/conclusao.pt\/portal\/#organization\"},\"potentialAction\":[{\"@type\":\"SearchAction\",\"target\":{\"@type\":\"EntryPoint\",\"urlTemplate\":\"https:\/\/conclusao.pt\/portal\/?s={search_term_string}\"},\"query-input\":{\"@type\":\"PropertyValueSpecification\",\"valueRequired\":true,\"valueName\":\"search_term_string\"}}],\"inLanguage\":\"pt-PT\"},{\"@type\":\"Organization\",\"@id\":\"https:\/\/conclusao.pt\/portal\/#organization\",\"name\":\"Conclus\u00e3o - Estudos e Forma\u00e7\u00e3o\",\"url\":\"https:\/\/conclusao.pt\/portal\/\",\"logo\":{\"@type\":\"ImageObject\",\"inLanguage\":\"pt-PT\",\"@id\":\"https:\/\/conclusao.pt\/portal\/#\/schema\/logo\/image\/\",\"url\":\"https:\/\/conclusao.pt\/portal\/wp-content\/uploads\/2023\/09\/cropped-logotipo.png\",\"contentUrl\":\"https:\/\/conclusao.pt\/portal\/wp-content\/uploads\/2023\/09\/cropped-logotipo.png\",\"width\":200,\"height\":65,\"caption\":\"Conclus\u00e3o - Estudos e Forma\u00e7\u00e3o\"},\"image\":{\"@id\":\"https:\/\/conclusao.pt\/portal\/#\/schema\/logo\/image\/\"},\"sameAs\":[\"https:\/\/www.facebook.com\/conclusaoformacao\/\",\"https:\/\/www.instagram.com\/conclusaolda\/\",\"https:\/\/www.linkedin.com\/company\/conclusao\/\"]}]}<\/script>\n<!-- \/ Yoast SEO plugin. -->","yoast_head_json":{"title":"Cursos EFA - Conclus\u00e3o - Estudos e Forma\u00e7\u00e3o","robots":{"index":"index","follow":"follow","max-snippet":"max-snippet:-1","max-image-preview":"max-image-preview:large","max-video-preview":"max-video-preview:-1"},"canonical":"https:\/\/conclusao.pt\/portal\/cursos-efa\/","og_locale":"pt_PT","og_type":"article","og_title":"Cursos EFA - Conclus\u00e3o - Estudos e Forma\u00e7\u00e3o","og_description":"Cursos EFA O que s\u00e3o cursos EFA Os Cursos de Educa\u00e7\u00e3o e Forma\u00e7\u00e3o de Adultos (EFA) s\u00e3o uma oferta de educa\u00e7\u00e3o e forma\u00e7\u00e3o para adultos que pretendam elevar as suas qualifica\u00e7\u00f5es. Estes cursos desenvolvem-se segundo percursos de dupla certifica\u00e7\u00e3o e, sempre que tal se revele adequado ao perfil e hist\u00f3ria de vida dos adultos, apenas &hellip; Cursos EFA Read More &raquo;","og_url":"https:\/\/conclusao.pt\/portal\/cursos-efa\/","og_site_name":"Conclus\u00e3o - Estudos e Forma\u00e7\u00e3o","article_publisher":"https:\/\/www.facebook.com\/conclusaoformacao\/","article_modified_time":"2025-07-17T16:47:16+00:00","og_image":[{"width":2456,"height":853,"url":"https:\/\/conclusao.pt\/portal\/wp-content\/uploads\/2025\/07\/EFA-GERAL-banner-03.jpg","type":"image\/jpeg"}],"twitter_card":"summary_large_image","twitter_misc":{"Tempo estimado de leitura":"3 minutos"},"schema":{"@context":"https:\/\/schema.org","@graph":[{"@type":"WebPage","@id":"https:\/\/conclusao.pt\/portal\/cursos-efa\/","url":"https:\/\/conclusao.pt\/portal\/cursos-efa\/","name":"Cursos EFA - Conclus\u00e3o - Estudos e Forma\u00e7\u00e3o","isPartOf":{"@id":"https:\/\/conclusao.pt\/portal\/#website"},"primaryImageOfPage":{"@id":"https:\/\/conclusao.pt\/portal\/cursos-efa\/#primaryimage"},"image":{"@id":"https:\/\/conclusao.pt\/portal\/cursos-efa\/#primaryimage"},"thumbnailUrl":"https:\/\/conclusao.pt\/portal\/wp-content\/uploads\/2025\/07\/EFA-GERAL-banner-03.jpg","datePublished":"2022-11-01T22:44:10+00:00","dateModified":"2025-07-17T16:47:16+00:00","breadcrumb":{"@id":"https:\/\/conclusao.pt\/portal\/cursos-efa\/#breadcrumb"},"inLanguage":"pt-PT","potentialAction":[{"@type":"ReadAction","target":["https:\/\/conclusao.pt\/portal\/cursos-efa\/"]}]},{"@type":"ImageObject","inLanguage":"pt-PT","@id":"https:\/\/conclusao.pt\/portal\/cursos-efa\/#primaryimage","url":"https:\/\/conclusao.pt\/portal\/wp-content\/uploads\/2025\/07\/EFA-GERAL-banner-03.jpg","contentUrl":"https:\/\/conclusao.pt\/portal\/wp-content\/uploads\/2025\/07\/EFA-GERAL-banner-03.jpg","width":2456,"height":853},{"@type":"BreadcrumbList","@id":"https:\/\/conclusao.pt\/portal\/cursos-efa\/#breadcrumb","itemListElement":[{"@type":"ListItem","position":1,"name":"In\u00edcio","item":"https:\/\/conclusao.pt\/portal\/"},{"@type":"ListItem","position":2,"name":"Cursos EFA"}]},{"@type":"WebSite","@id":"https:\/\/conclusao.pt\/portal\/#website","url":"https:\/\/conclusao.pt\/portal\/","name":"Conclus\u00e3o - Estudos e Forma\u00e7\u00e3o","description":"A Conclus\u00e3o \u2013 Estudos e Forma\u00e7\u00e3o, Lda \u00e9 uma empresa que iniciou a sua atividade em 1987, tendo ao longo dos anos especializado na promo\u00e7\u00e3o de cursos de forma\u00e7\u00e3o profissional, na elabora\u00e7\u00e3o estudos e projetos e no desenvolvimento de atividades de consultoria empresarial.","publisher":{"@id":"https:\/\/conclusao.pt\/portal\/#organization"},"potentialAction":[{"@type":"SearchAction","target":{"@type":"EntryPoint","urlTemplate":"https:\/\/conclusao.pt\/portal\/?s={search_term_string}"},"query-input":{"@type":"PropertyValueSpecification","valueRequired":true,"valueName":"search_term_string"}}],"inLanguage":"pt-PT"},{"@type":"Organization","@id":"https:\/\/conclusao.pt\/portal\/#organization","name":"Conclus\u00e3o - Estudos e Forma\u00e7\u00e3o","url":"https:\/\/conclusao.pt\/portal\/","logo":{"@type":"ImageObject","inLanguage":"pt-PT","@id":"https:\/\/conclusao.pt\/portal\/#\/schema\/logo\/image\/","url":"https:\/\/conclusao.pt\/portal\/wp-content\/uploads\/2023\/09\/cropped-logotipo.png","contentUrl":"https:\/\/conclusao.pt\/portal\/wp-content\/uploads\/2023\/09\/cropped-logotipo.png","width":200,"height":65,"caption":"Conclus\u00e3o - Estudos e Forma\u00e7\u00e3o"},"image":{"@id":"https:\/\/conclusao.pt\/portal\/#\/schema\/logo\/image\/"},"sameAs":["https:\/\/www.facebook.com\/conclusaoformacao\/","https:\/\/www.instagram.com\/conclusaolda\/","https:\/\/www.linkedin.com\/company\/conclusao\/"]}]}},"uagb_featured_image_src":{"full":["https:\/\/conclusao.pt\/portal\/wp-content\/uploads\/2025\/07\/EFA-GERAL-banner-03.jpg",2456,853,false],"thumbnail":["https:\/\/conclusao.pt\/portal\/wp-content\/uploads\/2025\/07\/EFA-GERAL-banner-03-150x150.jpg",150,150,true],"medium":["https:\/\/conclusao.pt\/portal\/wp-content\/uploads\/2025\/07\/EFA-GERAL-banner-03-300x104.jpg",300,104,true],"medium_large":["https:\/\/conclusao.pt\/portal\/wp-content\/uploads\/2025\/07\/EFA-GERAL-banner-03-768x267.jpg",768,267,true],"large":["https:\/\/conclusao.pt\/portal\/wp-content\/uploads\/2025\/07\/EFA-GERAL-banner-03-1024x356.jpg",1024,356,true],"1536x1536":["https:\/\/conclusao.pt\/portal\/wp-content\/uploads\/2025\/07\/EFA-GERAL-banner-03-1536x533.jpg",1536,533,true],"2048x2048":["https:\/\/conclusao.pt\/portal\/wp-content\/uploads\/2025\/07\/EFA-GERAL-banner-03-2048x711.jpg",2048,711,true],"woocommerce_thumbnail":["https:\/\/conclusao.pt\/portal\/wp-content\/uploads\/2025\/07\/EFA-GERAL-banner-03-300x300.jpg",300,300,true],"woocommerce_single":["https:\/\/conclusao.pt\/portal\/wp-content\/uploads\/2025\/07\/EFA-GERAL-banner-03-600x208.jpg",600,208,true],"woocommerce_gallery_thumbnail":["https:\/\/conclusao.pt\/portal\/wp-content\/uploads\/2025\/07\/EFA-GERAL-banner-03-100x100.jpg",100,100,true]},"uagb_author_info":{"display_name":"Karma Design","author_link":"https:\/\/conclusao.pt\/portal\/author\/karma-design\/"},"uagb_comment_info":0,"uagb_excerpt":"Cursos EFA O que s\u00e3o cursos EFA Os Cursos de Educa\u00e7\u00e3o e Forma\u00e7\u00e3o de Adultos (EFA) s\u00e3o uma oferta de educa\u00e7\u00e3o e forma\u00e7\u00e3o para adultos que pretendam elevar as suas qualifica\u00e7\u00f5es. Estes cursos desenvolvem-se segundo percursos de dupla certifica\u00e7\u00e3o e, sempre que tal se revele adequado ao perfil e hist\u00f3ria de vida dos adultos, apenas&hellip;","_links":{"self":[{"href":"https:\/\/conclusao.pt\/portal\/wp-json\/wp\/v2\/pages\/2898","targetHints":{"allow":["GET"]}}],"collection":[{"href":"https:\/\/conclusao.pt\/portal\/wp-json\/wp\/v2\/pages"}],"about":[{"href":"https:\/\/conclusao.pt\/portal\/wp-json\/wp\/v2\/types\/page"}],"author":[{"embeddable":true,"href":"https:\/\/conclusao.pt\/portal\/wp-json\/wp\/v2\/users\/1"}],"replies":[{"embeddable":true,"href":"https:\/\/conclusao.pt\/portal\/wp-json\/wp\/v2\/comments?post=2898"}],"version-history":[{"count":41,"href":"https:\/\/conclusao.pt\/portal\/wp-json\/wp\/v2\/pages\/2898\/revisions"}],"predecessor-version":[{"id":49949,"href":"https:\/\/conclusao.pt\/portal\/wp-json\/wp\/v2\/pages\/2898\/revisions\/49949"}],"wp:featuredmedia":[{"embeddable":true,"href":"https:\/\/conclusao.pt\/portal\/wp-json\/wp\/v2\/media\/49831"}],"wp:attachment":[{"href":"https:\/\/conclusao.pt\/portal\/wp-json\/wp\/v2\/media?parent=2898"}],"curies":[{"name":"wp","href":"https:\/\/api.w.org\/{rel}","templated":true}]}}